{"id":240,"date":"2024-10-22T10:42:42","date_gmt":"2024-10-22T10:42:42","guid":{"rendered":"https:\/\/ylamaanjalokivimuseo.fi\/jalokivikierros-georetket\/"},"modified":"2024-12-12T06:52:16","modified_gmt":"2024-12-12T06:52:16","slug":"gem-tour","status":"publish","type":"page","link":"https:\/\/ylamaanjalokivimuseo.fi\/en\/gem-tour\/","title":{"rendered":"Gem Tour"},"content":{"rendered":"\n<div class=\"wp-block-columns is-layout-flex wp-container-core-columns-is-layout-9d6595d7 wp-block-columns-is-layout-flex\">\n<div class=\"wp-block-column is-layout-flow wp-block-column-is-layout-flow\" style=\"flex-basis:60%\">\n<h4 class=\"wp-block-heading\"><em>Pick Your Own Spectrolite Gem at our Gem&nbsp;Hunting Tour<\/em><\/h4>\n\n\n\n<p>Visit us or pick up&nbsp;your group to&nbsp;a real Treasure Gem Hunting Tour and see&nbsp;Spectrolite, Finnish national and worlwide famous precious gem stone, at quarries&nbsp;and pick up there your own Spectrolite gem, or&nbsp;admire also the massive size of one of the largest granite quarries in Finland during the same tour. That is where the famous Yl\u00e4maa Baltic Brown&nbsp;granite is quarried. You will feel the calming effect of nature and experience the pure joy of discovery.<\/p>\n\n\n\n<p>The tour may be supplemented by your request with visit&nbsp;to Salpalinja Defence Line, Fortification . You can eat tasty unpretentious home food or have a pleasant coffee break during the tour. Let us know and we will take care of your gem hunting visit.&nbsp;<\/p>\n\n\n\n<p><em><strong><u>Guiding by appoinment to Spectrolite Gem hunting tour:<\/u><\/strong><\/em><\/p>\n\n\n\n<p><strong><u>Basic tour<\/u>, <\/strong>duration around 1h<br>-Departure&nbsp;Gem Museum at Spectrolite Gem&nbsp;Centre to spectrolite quarry<\/p>\n\n\n\n<p><strong><u>Extended&nbsp;tour<\/u><\/strong>, duration around 2-3h<br>-Departure&nbsp;Gem Museum at Spectrolite Gem&nbsp;Centre to spectrolite quarry<\/p>\n\n\n\n<p><em><strong><u>Spectrolite gem hunting tour,<\/u><\/strong> <strong>directly<\/strong> without appoinment in 1.6. 2022 &#8211; 30.8.2022, departure Gem Museum, daily at 1:30 pm,&nbsp;<\/em>&nbsp;(navigation)address: Kivikylantie 4, 54410 Lappeenranta.<\/p>\n\n\n\n<p>Price 40\u20ac \/ person \/Basic tour.<\/p>\n\n\n\n<p>Price 50\u20ac \/ Extended tour<\/p>\n\n\n\n<figure class=\"wp-block-image size-full\"><img loading=\"lazy\" decoding=\"async\" width=\"156\" height=\"262\" src=\"https:\/\/ylamaanjalokivimuseo.fi\/wp-content\/uploads\/2024\/10\/a_spektroliitti.jpg\" alt=\"\" class=\"wp-image-40\"\/><\/figure>\n<\/div>\n\n\n\n<div class=\"wp-block-column is-layout-flow wp-block-column-is-layout-flow\" style=\"flex-basis:40%\">\n<iframe loading=\"lazy\" align=\"top\" allowfullscreen=\"\" frameborder=\"0\" height=\"200\" scrolling=\"no\" src=\"https:\/\/www.google.com\/maps\/embed?pb=!1m18!1m12!1m3!1d1947.06631149188!2d28.009696051718482!3d60.79021269999077!2m3!1f0!2f0!3f0!3m2!1i1024!2i768!4f13.1!3m3!1m2!1s0x4690dcfbdd6c26f3%3A0x2c59c3bf652d4a49!2sYl%C3%A4maan+Jalokivimuseoyhdistys+R.Y.!5e0!3m2!1sfi!2sfi!4v1546609417531\" style=\"border:0\" width=\"200\"><\/iframe>\n\n\n\n<p><em><u>Further<\/u> <u>information&nbsp;<\/u><u>and <\/u><u>bookings<\/u><\/em>:<\/p>\n\n\n\n<p><a href=\"mailto:eskohamalainen@hotmail.com\">eskohamalainen@hotmail.com<\/a>\u00a0Esko H\u00e4m\u00e4l\u00e4inen,<br>Tel. +358 400 391 590 or Whatsapp+358 400 391 590\u00a0<br><a href=\"mailto:info@ylamaanjalokivimuseo.fi\">info@ylamaanjalokivimuseo.fi<\/a><\/p>\n\n\n\n<figure class=\"wp-block-image size-full\"><img loading=\"lazy\" decoding=\"async\" width=\"650\" height=\"684\" src=\"https:\/\/ylamaanjalokivimuseo.fi\/wp-content\/uploads\/2024\/10\/jalokivimessut_16_press_media_sininen1_pohjavari_mainokseen.jpg\" alt=\"\" class=\"wp-image-70\" srcset=\"https:\/\/ylamaanjalokivimuseo.fi\/wp-content\/uploads\/2024\/10\/jalokivimessut_16_press_media_sininen1_pohjavari_mainokseen.jpg 650w, https:\/\/ylamaanjalokivimuseo.fi\/wp-content\/uploads\/2024\/10\/jalokivimessut_16_press_media_sininen1_pohjavari_mainokseen-285x300.jpg 285w\" sizes=\"auto, (max-width: 650px) 100vw, 650px\" \/><\/figure>\n\n\n\n<figure class=\"wp-block-image size-full\"><img loading=\"lazy\" decoding=\"async\" width=\"1712\" height=\"1368\" src=\"https:\/\/ylamaanjalokivimuseo.fi\/wp-content\/uploads\/2024\/10\/graniitti.jpg\" alt=\"\" class=\"wp-image-73\" srcset=\"https:\/\/ylamaanjalokivimuseo.fi\/wp-content\/uploads\/2024\/10\/graniitti.jpg 1712w, https:\/\/ylamaanjalokivimuseo.fi\/wp-content\/uploads\/2024\/10\/graniitti-300x240.jpg 300w, https:\/\/ylamaanjalokivimuseo.fi\/wp-content\/uploads\/2024\/10\/graniitti-1024x818.jpg 1024w, https:\/\/ylamaanjalokivimuseo.fi\/wp-content\/uploads\/2024\/10\/graniitti-768x614.jpg 768w, https:\/\/ylamaanjalokivimuseo.fi\/wp-content\/uploads\/2024\/10\/graniitti-1536x1227.jpg 1536w\" sizes=\"auto, (max-width: 1712px) 100vw, 1712px\" \/><\/figure>\n<\/div>\n<\/div>\n","protected":false},"excerpt":{"rendered":"<p>Pick Your Own Spectrolite Gem at our Gem&nbsp;Hunting Tour Visit us or pick up&nbsp;your group to&nbsp;a real Treasure Gem Hunting Tour and see&nbsp;Spectrolite, Finnish national and worlwide famous precious gem stone, at quarries&nbsp;and pick up there your own Spectrolite gem, or&nbsp;admire also the massive size of one of the largest granite quarries in Finland during &#8230; <a title=\"Gem Tour\" class=\"read-more\" href=\"https:\/\/ylamaanjalokivimuseo.fi\/en\/gem-tour\/\" aria-label=\"Read more about Gem Tour\">Read more<\/a><\/p>\n","protected":false},"author":1,"featured_media":0,"parent":0,"menu_order":0,"comment_status":"closed","ping_status":"closed","template":"","meta":{"footnotes":""},"class_list":["post-240","page","type-page","status-publish"],"yoast_head":"<!-- This site is optimized with the Yoast SEO plugin v24.1 - https:\/\/yoast.com\/wordpress\/plugins\/seo\/ -->\n<title>Gem Tour - Yl\u00e4maan Jalokivimuseoyhdistys r.y<\/title>\n<meta name=\"robots\" content=\"index, follow, max-snippet:-1, max-image-preview:large, max-video-preview:-1\" \/>\n<link rel=\"canonical\" href=\"https:\/\/ylamaanjalokivimuseo.fi\/en\/gem-tour\/\" \/>\n<meta property=\"og:locale\" content=\"en_US\" \/>\n<meta property=\"og:type\" content=\"article\" \/>\n<meta property=\"og:title\" content=\"Gem Tour - Yl\u00e4maan Jalokivimuseoyhdistys r.y\" \/>\n<meta property=\"og:description\" content=\"Pick Your Own Spectrolite Gem at our Gem&nbsp;Hunting Tour Visit us or pick up&nbsp;your group to&nbsp;a real Treasure Gem Hunting Tour and see&nbsp;Spectrolite, Finnish national and worlwide famous precious gem stone, at quarries&nbsp;and pick up there your own Spectrolite gem, or&nbsp;admire also the massive size of one of the largest granite quarries in Finland during ... Read more\" \/>\n<meta property=\"og:url\" content=\"https:\/\/ylamaanjalokivimuseo.fi\/en\/gem-tour\/\" \/>\n<meta property=\"og:site_name\" content=\"Yl\u00e4maan Jalokivimuseoyhdistys r.y\" \/>\n<meta property=\"article:modified_time\" content=\"2024-12-12T06:52:16+00:00\" \/>\n<meta property=\"og:image\" content=\"https:\/\/ylamaanjalokivimuseo.fi\/wp-content\/uploads\/2024\/10\/a_spektroliitti.jpg\" \/>\n\t<meta property=\"og:image:width\" content=\"156\" \/>\n\t<meta property=\"og:image:height\" content=\"262\" \/>\n\t<meta property=\"og:image:type\" content=\"image\/jpeg\" \/>\n<meta name=\"twitter:card\" content=\"summary_large_image\" \/>\n<meta name=\"twitter:label1\" content=\"Est. reading time\" \/>\n\t<meta name=\"twitter:data1\" content=\"2 minutes\" \/>\n<script type=\"application\/ld+json\" class=\"yoast-schema-graph\">{\"@context\":\"https:\/\/schema.org\",\"@graph\":[{\"@type\":\"WebPage\",\"@id\":\"https:\/\/ylamaanjalokivimuseo.fi\/en\/gem-tour\/\",\"url\":\"https:\/\/ylamaanjalokivimuseo.fi\/en\/gem-tour\/\",\"name\":\"Gem Tour - Yl\u00e4maan Jalokivimuseoyhdistys r.y\",\"isPartOf\":{\"@id\":\"https:\/\/ylamaanjalokivimuseo.fi\/#website\"},\"primaryImageOfPage\":{\"@id\":\"https:\/\/ylamaanjalokivimuseo.fi\/en\/gem-tour\/#primaryimage\"},\"image\":{\"@id\":\"https:\/\/ylamaanjalokivimuseo.fi\/en\/gem-tour\/#primaryimage\"},\"thumbnailUrl\":\"https:\/\/ylamaanjalokivimuseo.fi\/wp-content\/uploads\/2024\/10\/a_spektroliitti.jpg\",\"datePublished\":\"2024-10-22T10:42:42+00:00\",\"dateModified\":\"2024-12-12T06:52:16+00:00\",\"breadcrumb\":{\"@id\":\"https:\/\/ylamaanjalokivimuseo.fi\/en\/gem-tour\/#breadcrumb\"},\"inLanguage\":\"en-US\",\"potentialAction\":[{\"@type\":\"ReadAction\",\"target\":[\"https:\/\/ylamaanjalokivimuseo.fi\/en\/gem-tour\/\"]}]},{\"@type\":\"ImageObject\",\"inLanguage\":\"en-US\",\"@id\":\"https:\/\/ylamaanjalokivimuseo.fi\/en\/gem-tour\/#primaryimage\",\"url\":\"https:\/\/ylamaanjalokivimuseo.fi\/wp-content\/uploads\/2024\/10\/a_spektroliitti.jpg\",\"contentUrl\":\"https:\/\/ylamaanjalokivimuseo.fi\/wp-content\/uploads\/2024\/10\/a_spektroliitti.jpg\"},{\"@type\":\"BreadcrumbList\",\"@id\":\"https:\/\/ylamaanjalokivimuseo.fi\/en\/gem-tour\/#breadcrumb\",\"itemListElement\":[{\"@type\":\"ListItem\",\"position\":1,\"name\":\"Home\",\"item\":\"https:\/\/ylamaanjalokivimuseo.fi\/en\/\"},{\"@type\":\"ListItem\",\"position\":2,\"name\":\"Gem Tour\"}]},{\"@type\":\"WebSite\",\"@id\":\"https:\/\/ylamaanjalokivimuseo.fi\/#website\",\"url\":\"https:\/\/ylamaanjalokivimuseo.fi\/\",\"name\":\"Yl\u00e4maan Jalokivimuseoyhdistys r.y\",\"description\":\"\",\"potentialAction\":[{\"@type\":\"SearchAction\",\"target\":{\"@type\":\"EntryPoint\",\"urlTemplate\":\"https:\/\/ylamaanjalokivimuseo.fi\/?s={search_term_string}\"},\"query-input\":{\"@type\":\"PropertyValueSpecification\",\"valueRequired\":true,\"valueName\":\"search_term_string\"}}],\"inLanguage\":\"en-US\"}]}<\/script>\n<!-- \/ Yoast SEO plugin. -->","yoast_head_json":{"title":"Gem Tour - Yl\u00e4maan Jalokivimuseoyhdistys r.y","robots":{"index":"index","follow":"follow","max-snippet":"max-snippet:-1","max-image-preview":"max-image-preview:large","max-video-preview":"max-video-preview:-1"},"canonical":"https:\/\/ylamaanjalokivimuseo.fi\/en\/gem-tour\/","og_locale":"en_US","og_type":"article","og_title":"Gem Tour - Yl\u00e4maan Jalokivimuseoyhdistys r.y","og_description":"Pick Your Own Spectrolite Gem at our Gem&nbsp;Hunting Tour Visit us or pick up&nbsp;your group to&nbsp;a real Treasure Gem Hunting Tour and see&nbsp;Spectrolite, Finnish national and worlwide famous precious gem stone, at quarries&nbsp;and pick up there your own Spectrolite gem, or&nbsp;admire also the massive size of one of the largest granite quarries in Finland during ... Read more","og_url":"https:\/\/ylamaanjalokivimuseo.fi\/en\/gem-tour\/","og_site_name":"Yl\u00e4maan Jalokivimuseoyhdistys r.y","article_modified_time":"2024-12-12T06:52:16+00:00","og_image":[{"width":156,"height":262,"url":"https:\/\/ylamaanjalokivimuseo.fi\/wp-content\/uploads\/2024\/10\/a_spektroliitti.jpg","type":"image\/jpeg"}],"twitter_card":"summary_large_image","twitter_misc":{"Est. reading time":"2 minutes"},"schema":{"@context":"https:\/\/schema.org","@graph":[{"@type":"WebPage","@id":"https:\/\/ylamaanjalokivimuseo.fi\/en\/gem-tour\/","url":"https:\/\/ylamaanjalokivimuseo.fi\/en\/gem-tour\/","name":"Gem Tour - Yl\u00e4maan Jalokivimuseoyhdistys r.y","isPartOf":{"@id":"https:\/\/ylamaanjalokivimuseo.fi\/#website"},"primaryImageOfPage":{"@id":"https:\/\/ylamaanjalokivimuseo.fi\/en\/gem-tour\/#primaryimage"},"image":{"@id":"https:\/\/ylamaanjalokivimuseo.fi\/en\/gem-tour\/#primaryimage"},"thumbnailUrl":"https:\/\/ylamaanjalokivimuseo.fi\/wp-content\/uploads\/2024\/10\/a_spektroliitti.jpg","datePublished":"2024-10-22T10:42:42+00:00","dateModified":"2024-12-12T06:52:16+00:00","breadcrumb":{"@id":"https:\/\/ylamaanjalokivimuseo.fi\/en\/gem-tour\/#breadcrumb"},"inLanguage":"en-US","potentialAction":[{"@type":"ReadAction","target":["https:\/\/ylamaanjalokivimuseo.fi\/en\/gem-tour\/"]}]},{"@type":"ImageObject","inLanguage":"en-US","@id":"https:\/\/ylamaanjalokivimuseo.fi\/en\/gem-tour\/#primaryimage","url":"https:\/\/ylamaanjalokivimuseo.fi\/wp-content\/uploads\/2024\/10\/a_spektroliitti.jpg","contentUrl":"https:\/\/ylamaanjalokivimuseo.fi\/wp-content\/uploads\/2024\/10\/a_spektroliitti.jpg"},{"@type":"BreadcrumbList","@id":"https:\/\/ylamaanjalokivimuseo.fi\/en\/gem-tour\/#breadcrumb","itemListElement":[{"@type":"ListItem","position":1,"name":"Home","item":"https:\/\/ylamaanjalokivimuseo.fi\/en\/"},{"@type":"ListItem","position":2,"name":"Gem Tour"}]},{"@type":"WebSite","@id":"https:\/\/ylamaanjalokivimuseo.fi\/#website","url":"https:\/\/ylamaanjalokivimuseo.fi\/","name":"Yl\u00e4maan Jalokivimuseoyhdistys r.y","description":"","potentialAction":[{"@type":"SearchAction","target":{"@type":"EntryPoint","urlTemplate":"https:\/\/ylamaanjalokivimuseo.fi\/?s={search_term_string}"},"query-input":{"@type":"PropertyValueSpecification","valueRequired":true,"valueName":"search_term_string"}}],"inLanguage":"en-US"}]}},"_links":{"self":[{"href":"https:\/\/ylamaanjalokivimuseo.fi\/en\/wp-json\/wp\/v2\/pages\/240","targetHints":{"allow":["GET"]}}],"collection":[{"href":"https:\/\/ylamaanjalokivimuseo.fi\/en\/wp-json\/wp\/v2\/pages"}],"about":[{"href":"https:\/\/ylamaanjalokivimuseo.fi\/en\/wp-json\/wp\/v2\/types\/page"}],"author":[{"embeddable":true,"href":"https:\/\/ylamaanjalokivimuseo.fi\/en\/wp-json\/wp\/v2\/users\/1"}],"replies":[{"embeddable":true,"href":"https:\/\/ylamaanjalokivimuseo.fi\/en\/wp-json\/wp\/v2\/comments?post=240"}],"version-history":[{"count":1,"href":"https:\/\/ylamaanjalokivimuseo.fi\/en\/wp-json\/wp\/v2\/pages\/240\/revisions"}],"predecessor-version":[{"id":245,"href":"https:\/\/ylamaanjalokivimuseo.fi\/en\/wp-json\/wp\/v2\/pages\/240\/revisions\/245"}],"wp:attachment":[{"href":"https:\/\/ylamaanjalokivimuseo.fi\/en\/wp-json\/wp\/v2\/media?parent=240"}],"curies":[{"name":"wp","href":"https:\/\/api.w.org\/{rel}","templated":true}]}}