{"id":241,"date":"2024-10-22T10:41:51","date_gmt":"2024-10-22T10:41:51","guid":{"rendered":"https:\/\/ylamaanjalokivimuseo.fi\/jalokivikyla\/"},"modified":"2026-04-30T16:36:42","modified_gmt":"2026-04-30T16:36:42","slug":"gem-village","status":"publish","type":"page","link":"https:\/\/ylamaanjalokivimuseo.fi\/en\/gem-village\/","title":{"rendered":"Gemstone Village and Gem &amp; Mineral Center"},"content":{"rendered":"\n<div class=\"wp-block-columns is-layout-flex wp-container-core-columns-is-layout-9d6595d7 wp-block-columns-is-layout-flex\">\n<div class=\"wp-block-column is-layout-flow wp-block-column-is-layout-flow\" style=\"flex-basis:60%\">\n<p>The Yl\u00e4maa Gemstone Village is a treasure trove of jewelry, gemstones and other minerals. There you can immerse yourself in the allure of stones with the magnificent collections of the Gemstone Museum and be enchanted by the beauty of jewelry made from our national gemstone, spectrolite, in jewelry stores. <\/p>\n\n\n\n<p>Choosing a gemstone crystal or piece of jewelry is fun, as spectrolite has a stunning color variation from deep blue and green to gold and red. Your own spectrolite awaits you too in the Gemstone Village or on a gemstone tour to the quarry! <\/p>\n\n\n\n<p>Korupirtti Caf\u00e9 offers a pleasant coffee or meal, during which you can digest your experience with freshly baked coffee bread or homemade food. You can also refuel your car at Korupirtti. The Gemstone Museum organizes the Gem Show, spectrolite quarry visits and an introduction to gemstones and other minerals at the Gemstone Museum, as well as a search for your own gemstone treasure in the sandbox for children at the museum, starting at just \u20ac2 <\/p>\n\n\n\n<p>Other locations, services and jewelry stores in the Gemstone Village: <\/p>\n\n\n\n<p>www.kiviseppa.fi <\/p>\n\n\n\n<p>www.korukivi.fi <\/p>\n\n\n\n<p>www.korupirtti.com <\/p>\n\n\n\n<p>Events in the Gemstone Village: Annual Yl\u00e4maa International Gemstone and Mineral Show 3.7-5.7.2026, which is one of the largest in its field in the Nordic countries. More information on the Gem Show page.<\/p>\n<\/div>\n\n\n\n<div class=\"wp-block-column is-layout-flow wp-block-column-is-layout-flow\" style=\"flex-basis:40%\"><div class=\"wp-block-image\">\n<figure class=\"aligncenter size-full\"><img loading=\"lazy\" decoding=\"async\" width=\"300\" height=\"199\" src=\"https:\/\/ylamaanjalokivimuseo.fi\/wp-content\/uploads\/2024\/10\/saksalaiset_hiekkalaatikolla.jpg\" alt=\"\" class=\"wp-image-56\"\/><\/figure>\n<\/div>\n\n\n<p>Address:<br>Kivikyl\u00e4ntie 19, 54410 Yl\u00e4maa. Navigation Kivikyl\u00e4ntie 19.<\/p>\n\n\n\n<p>Opening hours:<\/p>\n\n\n\n<p>Jewelry Museum: Open 1.6.-28.8. 12-15:00 and at other times and other snow-free times by appointment, tel. 0400 391590.<br>Jewelry stores mainly Mon-Sun 10-17<br>Korupirtti: see opening hours www.korupirtti.com<\/p>\n\n\n\n<p>Any changes to opening hours will be announced on this website<\/p>\n\n\n\n<p>info@ylamaanjalokivimuseo.fi<\/p>\n\n\n\n<p><\/p>\n<\/div>\n<\/div>\n","protected":false},"excerpt":{"rendered":"<p>The Yl\u00e4maa Gemstone Village is a treasure trove of jewelry, gemstones and other minerals. There you can immerse yourself in the allure of stones with the magnificent collections of the Gemstone Museum and be enchanted by the beauty of jewelry made from our national gemstone, spectrolite, in jewelry stores. Choosing a gemstone crystal or piece &#8230; <a title=\"Gemstone Village and Gem &amp; Mineral Center\" class=\"read-more\" href=\"https:\/\/ylamaanjalokivimuseo.fi\/en\/gem-village\/\" aria-label=\"Read more about Gemstone Village and Gem &amp; Mineral Center\">Read more<\/a><\/p>\n","protected":false},"author":1,"featured_media":0,"parent":0,"menu_order":0,"comment_status":"closed","ping_status":"closed","template":"","meta":{"footnotes":""},"class_list":["post-241","page","type-page","status-publish"],"yoast_head":"<!-- This site is optimized with the Yoast SEO plugin v24.1 - https:\/\/yoast.com\/wordpress\/plugins\/seo\/ -->\n<title>Gemstone Village and Gem &amp; Mineral Center - Yl\u00e4maan Jalokivimuseoyhdistys r.y<\/title>\n<meta name=\"robots\" content=\"index, follow, max-snippet:-1, max-image-preview:large, max-video-preview:-1\" \/>\n<link rel=\"canonical\" href=\"https:\/\/ylamaanjalokivimuseo.fi\/en\/gem-village\/\" \/>\n<meta property=\"og:locale\" content=\"en_US\" \/>\n<meta property=\"og:type\" content=\"article\" \/>\n<meta property=\"og:title\" content=\"Gemstone Village and Gem &amp; Mineral Center - Yl\u00e4maan Jalokivimuseoyhdistys r.y\" \/>\n<meta property=\"og:description\" content=\"The Yl\u00e4maa Gemstone Village is a treasure trove of jewelry, gemstones and other minerals. There you can immerse yourself in the allure of stones with the magnificent collections of the Gemstone Museum and be enchanted by the beauty of jewelry made from our national gemstone, spectrolite, in jewelry stores. Choosing a gemstone crystal or piece ... Read more\" \/>\n<meta property=\"og:url\" content=\"https:\/\/ylamaanjalokivimuseo.fi\/en\/gem-village\/\" \/>\n<meta property=\"og:site_name\" content=\"Yl\u00e4maan Jalokivimuseoyhdistys r.y\" \/>\n<meta property=\"article:modified_time\" content=\"2026-04-30T16:36:42+00:00\" \/>\n<meta property=\"og:image\" content=\"https:\/\/ylamaanjalokivimuseo.fi\/wp-content\/uploads\/2024\/10\/saksalaiset_hiekkalaatikolla.jpg\" \/>\n\t<meta property=\"og:image:width\" content=\"300\" \/>\n\t<meta property=\"og:image:height\" content=\"199\" \/>\n\t<meta property=\"og:image:type\" content=\"image\/jpeg\" \/>\n<meta name=\"twitter:card\" content=\"summary_large_image\" \/>\n<meta name=\"twitter:label1\" content=\"Est. reading time\" \/>\n\t<meta name=\"twitter:data1\" content=\"2 minutes\" \/>\n<script type=\"application\/ld+json\" class=\"yoast-schema-graph\">{\"@context\":\"https:\/\/schema.org\",\"@graph\":[{\"@type\":\"WebPage\",\"@id\":\"https:\/\/ylamaanjalokivimuseo.fi\/en\/gem-village\/\",\"url\":\"https:\/\/ylamaanjalokivimuseo.fi\/en\/gem-village\/\",\"name\":\"Gemstone Village and Gem &amp; Mineral Center - Yl\u00e4maan Jalokivimuseoyhdistys r.y\",\"isPartOf\":{\"@id\":\"https:\/\/ylamaanjalokivimuseo.fi\/#website\"},\"primaryImageOfPage\":{\"@id\":\"https:\/\/ylamaanjalokivimuseo.fi\/en\/gem-village\/#primaryimage\"},\"image\":{\"@id\":\"https:\/\/ylamaanjalokivimuseo.fi\/en\/gem-village\/#primaryimage\"},\"thumbnailUrl\":\"https:\/\/ylamaanjalokivimuseo.fi\/wp-content\/uploads\/2024\/10\/saksalaiset_hiekkalaatikolla.jpg\",\"datePublished\":\"2024-10-22T10:41:51+00:00\",\"dateModified\":\"2026-04-30T16:36:42+00:00\",\"breadcrumb\":{\"@id\":\"https:\/\/ylamaanjalokivimuseo.fi\/en\/gem-village\/#breadcrumb\"},\"inLanguage\":\"en-US\",\"potentialAction\":[{\"@type\":\"ReadAction\",\"target\":[\"https:\/\/ylamaanjalokivimuseo.fi\/en\/gem-village\/\"]}]},{\"@type\":\"ImageObject\",\"inLanguage\":\"en-US\",\"@id\":\"https:\/\/ylamaanjalokivimuseo.fi\/en\/gem-village\/#primaryimage\",\"url\":\"https:\/\/ylamaanjalokivimuseo.fi\/wp-content\/uploads\/2024\/10\/saksalaiset_hiekkalaatikolla.jpg\",\"contentUrl\":\"https:\/\/ylamaanjalokivimuseo.fi\/wp-content\/uploads\/2024\/10\/saksalaiset_hiekkalaatikolla.jpg\"},{\"@type\":\"BreadcrumbList\",\"@id\":\"https:\/\/ylamaanjalokivimuseo.fi\/en\/gem-village\/#breadcrumb\",\"itemListElement\":[{\"@type\":\"ListItem\",\"position\":1,\"name\":\"Home\",\"item\":\"https:\/\/ylamaanjalokivimuseo.fi\/en\/\"},{\"@type\":\"ListItem\",\"position\":2,\"name\":\"Gemstone Village and Gem &amp; Mineral Center\"}]},{\"@type\":\"WebSite\",\"@id\":\"https:\/\/ylamaanjalokivimuseo.fi\/#website\",\"url\":\"https:\/\/ylamaanjalokivimuseo.fi\/\",\"name\":\"Yl\u00e4maan Jalokivimuseoyhdistys r.y\",\"description\":\"\",\"potentialAction\":[{\"@type\":\"SearchAction\",\"target\":{\"@type\":\"EntryPoint\",\"urlTemplate\":\"https:\/\/ylamaanjalokivimuseo.fi\/?s={search_term_string}\"},\"query-input\":{\"@type\":\"PropertyValueSpecification\",\"valueRequired\":true,\"valueName\":\"search_term_string\"}}],\"inLanguage\":\"en-US\"}]}<\/script>\n<!-- \/ Yoast SEO plugin. -->","yoast_head_json":{"title":"Gemstone Village and Gem &amp; Mineral Center - Yl\u00e4maan Jalokivimuseoyhdistys r.y","robots":{"index":"index","follow":"follow","max-snippet":"max-snippet:-1","max-image-preview":"max-image-preview:large","max-video-preview":"max-video-preview:-1"},"canonical":"https:\/\/ylamaanjalokivimuseo.fi\/en\/gem-village\/","og_locale":"en_US","og_type":"article","og_title":"Gemstone Village and Gem &amp; Mineral Center - Yl\u00e4maan Jalokivimuseoyhdistys r.y","og_description":"The Yl\u00e4maa Gemstone Village is a treasure trove of jewelry, gemstones and other minerals. There you can immerse yourself in the allure of stones with the magnificent collections of the Gemstone Museum and be enchanted by the beauty of jewelry made from our national gemstone, spectrolite, in jewelry stores. Choosing a gemstone crystal or piece ... Read more","og_url":"https:\/\/ylamaanjalokivimuseo.fi\/en\/gem-village\/","og_site_name":"Yl\u00e4maan Jalokivimuseoyhdistys r.y","article_modified_time":"2026-04-30T16:36:42+00:00","og_image":[{"width":300,"height":199,"url":"https:\/\/ylamaanjalokivimuseo.fi\/wp-content\/uploads\/2024\/10\/saksalaiset_hiekkalaatikolla.jpg","type":"image\/jpeg"}],"twitter_card":"summary_large_image","twitter_misc":{"Est. reading time":"2 minutes"},"schema":{"@context":"https:\/\/schema.org","@graph":[{"@type":"WebPage","@id":"https:\/\/ylamaanjalokivimuseo.fi\/en\/gem-village\/","url":"https:\/\/ylamaanjalokivimuseo.fi\/en\/gem-village\/","name":"Gemstone Village and Gem &amp; Mineral Center - Yl\u00e4maan Jalokivimuseoyhdistys r.y","isPartOf":{"@id":"https:\/\/ylamaanjalokivimuseo.fi\/#website"},"primaryImageOfPage":{"@id":"https:\/\/ylamaanjalokivimuseo.fi\/en\/gem-village\/#primaryimage"},"image":{"@id":"https:\/\/ylamaanjalokivimuseo.fi\/en\/gem-village\/#primaryimage"},"thumbnailUrl":"https:\/\/ylamaanjalokivimuseo.fi\/wp-content\/uploads\/2024\/10\/saksalaiset_hiekkalaatikolla.jpg","datePublished":"2024-10-22T10:41:51+00:00","dateModified":"2026-04-30T16:36:42+00:00","breadcrumb":{"@id":"https:\/\/ylamaanjalokivimuseo.fi\/en\/gem-village\/#breadcrumb"},"inLanguage":"en-US","potentialAction":[{"@type":"ReadAction","target":["https:\/\/ylamaanjalokivimuseo.fi\/en\/gem-village\/"]}]},{"@type":"ImageObject","inLanguage":"en-US","@id":"https:\/\/ylamaanjalokivimuseo.fi\/en\/gem-village\/#primaryimage","url":"https:\/\/ylamaanjalokivimuseo.fi\/wp-content\/uploads\/2024\/10\/saksalaiset_hiekkalaatikolla.jpg","contentUrl":"https:\/\/ylamaanjalokivimuseo.fi\/wp-content\/uploads\/2024\/10\/saksalaiset_hiekkalaatikolla.jpg"},{"@type":"BreadcrumbList","@id":"https:\/\/ylamaanjalokivimuseo.fi\/en\/gem-village\/#breadcrumb","itemListElement":[{"@type":"ListItem","position":1,"name":"Home","item":"https:\/\/ylamaanjalokivimuseo.fi\/en\/"},{"@type":"ListItem","position":2,"name":"Gemstone Village and Gem &amp; Mineral Center"}]},{"@type":"WebSite","@id":"https:\/\/ylamaanjalokivimuseo.fi\/#website","url":"https:\/\/ylamaanjalokivimuseo.fi\/","name":"Yl\u00e4maan Jalokivimuseoyhdistys r.y","description":"","potentialAction":[{"@type":"SearchAction","target":{"@type":"EntryPoint","urlTemplate":"https:\/\/ylamaanjalokivimuseo.fi\/?s={search_term_string}"},"query-input":{"@type":"PropertyValueSpecification","valueRequired":true,"valueName":"search_term_string"}}],"inLanguage":"en-US"}]}},"_links":{"self":[{"href":"https:\/\/ylamaanjalokivimuseo.fi\/en\/wp-json\/wp\/v2\/pages\/241","targetHints":{"allow":["GET"]}}],"collection":[{"href":"https:\/\/ylamaanjalokivimuseo.fi\/en\/wp-json\/wp\/v2\/pages"}],"about":[{"href":"https:\/\/ylamaanjalokivimuseo.fi\/en\/wp-json\/wp\/v2\/types\/page"}],"author":[{"embeddable":true,"href":"https:\/\/ylamaanjalokivimuseo.fi\/en\/wp-json\/wp\/v2\/users\/1"}],"replies":[{"embeddable":true,"href":"https:\/\/ylamaanjalokivimuseo.fi\/en\/wp-json\/wp\/v2\/comments?post=241"}],"version-history":[{"count":4,"href":"https:\/\/ylamaanjalokivimuseo.fi\/en\/wp-json\/wp\/v2\/pages\/241\/revisions"}],"predecessor-version":[{"id":405,"href":"https:\/\/ylamaanjalokivimuseo.fi\/en\/wp-json\/wp\/v2\/pages\/241\/revisions\/405"}],"wp:attachment":[{"href":"https:\/\/ylamaanjalokivimuseo.fi\/en\/wp-json\/wp\/v2\/media?parent=241"}],"curies":[{"name":"wp","href":"https:\/\/api.w.org\/{rel}","templated":true}]}}