{"id":242,"date":"2024-10-22T10:42:26","date_gmt":"2024-10-22T10:42:26","guid":{"rendered":"https:\/\/ylamaanjalokivimuseo.fi\/jalokivimessut\/"},"modified":"2025-04-21T12:43:02","modified_gmt":"2025-04-21T12:43:02","slug":"gem-show","status":"publish","type":"page","link":"https:\/\/ylamaanjalokivimuseo.fi\/en\/gem-show\/","title":{"rendered":"Gem Show"},"content":{"rendered":"\n<div class=\"wp-block-columns is-layout-flex wp-container-core-columns-is-layout-9d6595d7 wp-block-columns-is-layout-flex\">\n<div class=\"wp-block-column is-layout-flow wp-block-column-is-layout-flow\" style=\"flex-basis:60%\">\n<p><strong>Ylamaa Gem Show 2025<\/strong><br><strong>4.7 &#8211; 6.07.2025&nbsp;in&nbsp;Ylamaa Gem Center<\/strong><br>Fri 12-18, Sat and Sun 10-18<\/p>\n\n\n\n<p>Address: Kivikylantie 4, 54410 Ylamaa, Finland<\/p>\n\n\n\n<p><br>Vastly popular Yl\u00e4maa International Gem and Mineral Show is going to be organised\u00a04th\u00a0to 6th July 2025. Our Gem Show\u00a0is appeciated\u00a0as largest\u00a0of the major events in its field in Finland and the Northern Countries in Europe.<\/p>\n\n\n\n<p>Whether you are hunting or selling rough stones, slabs, jewelry, rarities or any stone products, our&nbsp;Gem Show is THE PLACE to make your dreams true.<\/p>\n\n\n\n<p>We\u00b4ll have&nbsp;exhibitors from all over the World!<\/p>\n\n\n\n<p>The Gem Show with other activities&nbsp;as&nbsp;lotteries and local food specialities is worth of attending by&nbsp;visitors and exhibitors.<\/p>\n\n\n\n<p>Show Manager<br>Esko H\u00e4m\u00e4l\u00e4inen<br><a href=\"mailto:eskohamalainen@hotmail.com\">eskohamalainen@hotmail.com<\/a><br>Tel: +358 400&nbsp;391 590&nbsp; WhatsApp +358 400 391 590<br>&nbsp;www.facebook\/ jalokivimessut\/gemshow Ylamaa<\/p>\n\n\n\n<figure class=\"wp-block-image size-large\"><img loading=\"lazy\" decoding=\"async\" width=\"1024\" height=\"576\" src=\"https:\/\/ylamaanjalokivimuseo.fi\/wp-content\/uploads\/2024\/12\/jALOKIVIMESSUT_17_naytteilleasettajat_kuvat_Riina_kasinmaalaus_4_-1024x576.jpg\" alt=\"\" class=\"wp-image-252\" srcset=\"https:\/\/ylamaanjalokivimuseo.fi\/wp-content\/uploads\/2024\/12\/jALOKIVIMESSUT_17_naytteilleasettajat_kuvat_Riina_kasinmaalaus_4_-1024x576.jpg 1024w, https:\/\/ylamaanjalokivimuseo.fi\/wp-content\/uploads\/2024\/12\/jALOKIVIMESSUT_17_naytteilleasettajat_kuvat_Riina_kasinmaalaus_4_-300x169.jpg 300w, https:\/\/ylamaanjalokivimuseo.fi\/wp-content\/uploads\/2024\/12\/jALOKIVIMESSUT_17_naytteilleasettajat_kuvat_Riina_kasinmaalaus_4_-768x432.jpg 768w, https:\/\/ylamaanjalokivimuseo.fi\/wp-content\/uploads\/2024\/12\/jALOKIVIMESSUT_17_naytteilleasettajat_kuvat_Riina_kasinmaalaus_4_-1536x864.jpg 1536w, https:\/\/ylamaanjalokivimuseo.fi\/wp-content\/uploads\/2024\/12\/jALOKIVIMESSUT_17_naytteilleasettajat_kuvat_Riina_kasinmaalaus_4_.jpg 1920w\" sizes=\"auto, (max-width: 1024px) 100vw, 1024px\" \/><figcaption class=\"wp-element-caption\">Stones painted by small &#8220;Picassos&#8221;<\/figcaption><\/figure>\n\n\n\n<figure class=\"wp-block-image size-large\"><img loading=\"lazy\" decoding=\"async\" width=\"1024\" height=\"818\" src=\"https:\/\/ylamaanjalokivimuseo.fi\/wp-content\/uploads\/2024\/12\/kivimessut_2005_057-1024x818.jpg\" alt=\"\" class=\"wp-image-250\" srcset=\"https:\/\/ylamaanjalokivimuseo.fi\/wp-content\/uploads\/2024\/12\/kivimessut_2005_057-1024x818.jpg 1024w, https:\/\/ylamaanjalokivimuseo.fi\/wp-content\/uploads\/2024\/12\/kivimessut_2005_057-300x240.jpg 300w, https:\/\/ylamaanjalokivimuseo.fi\/wp-content\/uploads\/2024\/12\/kivimessut_2005_057-768x614.jpg 768w, https:\/\/ylamaanjalokivimuseo.fi\/wp-content\/uploads\/2024\/12\/kivimessut_2005_057-1536x1227.jpg 1536w, https:\/\/ylamaanjalokivimuseo.fi\/wp-content\/uploads\/2024\/12\/kivimessut_2005_057.jpg 1712w\" sizes=\"auto, (max-width: 1024px) 100vw, 1024px\" \/><figcaption class=\"wp-element-caption\">OLYMPUS DIGITAL CAMERA<\/figcaption><\/figure>\n\n\n\n<figure class=\"wp-block-image size-large\"><img loading=\"lazy\" decoding=\"async\" width=\"1024\" height=\"818\" src=\"https:\/\/ylamaanjalokivimuseo.fi\/wp-content\/uploads\/2024\/12\/kivimessut_2005_056-1024x818.jpg\" alt=\"\" class=\"wp-image-248\" srcset=\"https:\/\/ylamaanjalokivimuseo.fi\/wp-content\/uploads\/2024\/12\/kivimessut_2005_056-1024x818.jpg 1024w, https:\/\/ylamaanjalokivimuseo.fi\/wp-content\/uploads\/2024\/12\/kivimessut_2005_056-300x240.jpg 300w, https:\/\/ylamaanjalokivimuseo.fi\/wp-content\/uploads\/2024\/12\/kivimessut_2005_056-768x614.jpg 768w, https:\/\/ylamaanjalokivimuseo.fi\/wp-content\/uploads\/2024\/12\/kivimessut_2005_056-1536x1227.jpg 1536w, https:\/\/ylamaanjalokivimuseo.fi\/wp-content\/uploads\/2024\/12\/kivimessut_2005_056.jpg 1712w\" sizes=\"auto, (max-width: 1024px) 100vw, 1024px\" \/><figcaption class=\"wp-element-caption\">OLYMPUS DIGITAL CAMERA<\/figcaption><\/figure>\n<\/div>\n\n\n\n<div class=\"wp-block-column is-layout-flow wp-block-column-is-layout-flow\" style=\"flex-basis:40%\">\n<iframe loading=\"lazy\" align=\"top\" allowfullscreen=\"\" frameborder=\"0\" height=\"200\" scrolling=\"no\" src=\"https:\/\/www.google.com\/maps\/embed?pb=!1m18!1m12!1m3!1d1947.06631149188!2d28.009696051718482!3d60.79021269999077!2m3!1f0!2f0!3f0!3m2!1i1024!2i768!4f13.1!3m3!1m2!1s0x4690dcfbdd6c26f3%3A0x2c59c3bf652d4a49!2sYl%C3%A4maan+Jalokivimuseoyhdistys+R.Y.!5e0!3m2!1sfi!2sfi!4v1546609417531\" style=\"border:0\" width=\"200\"><\/iframe>\n\n\n\n<iframe loading=\"lazy\" align=\"top\" allowfullscreen=\"\" frameborder=\"0\" height=\"200\" scrolling=\"no\" src=\"https:\/\/www.google.com\/maps\/embed?pb=!1m18!1m12!1m3!1d1947.06631149188!2d28.009696051718482!3d60.79021269999077!2m3!1f0!2f0!3f0!3m2!1i1024!2i768!4f13.1!3m3!1m2!1s0x4690dcfbdd6c26f3%3A0x2c59c3bf652d4a49!2sYl%C3%A4maan+Jalokivimuseoyhdistys+R.Y.!5e0!3m2!1sfi!2sfi!4v1546609417531\" style=\"border:0\" width=\"200\"><\/iframe>\n\n\n\n<p><em><strong>Ylamaa Gem &amp; Mineral Show 4.7- 6.7 2025&nbsp;info:<\/strong><\/em><\/p>\n\n\n\n<p><em><u>Show office &amp; registration of exhibitors:<\/u><\/em><br>Manager Mr H\u00e4m\u00e4l\u00e4inen, +358 400 391590<br><a href=\"mailto:eskohamalainen@hotmail.com\">eskohamalainen@hotmail.com<\/a><\/p>\n\n\n\n<p><em><u>Open:<\/u><\/em> Fri 12-18, Sat &amp;Sun 10-18<br><em><u>Tickets<\/u><\/em>:&nbsp; Adults 10\u20ac,children 5\u20ac, discounts for families, groups&nbsp;etc.<\/p>\n\n\n\n<p><strong>Register form for exhibitors&nbsp;to our Show 2025<\/strong><\/p>\n\n\n\n<p><a href=\"http:\/\/www.ylamaanjalokivimuseo.fi\/File\/Jalokivimessut_eng._23_ilmoittautumislomake_English.docx?211663\" target=\"_blank\" rel=\"noreferrer noopener\"><\/a><a href=\"http:\/\/www.ylamaanjalokivimuseo.fi\/en\/Gem+Show\/Application.html\"><strong>&nbsp; under preparation Click <\/strong><strong>&nbsp;&nbsp;\u00bb&nbsp;<\/strong><\/a><\/p>\n\n\n\n<p><em><strong>Alternatively, you can easily register any time a year directly<\/strong><\/em><strong>&nbsp;<\/strong><strong>by calling or contacting to&nbsp;Mr. Esko H\u00e4m\u00e4l\u00e4inen, show manager by&nbsp;tel. +358 400 391590, Whatsapp +358 400 391590 or by e-mail eskohamalainen@hotmail.com for&nbsp;an immediate answer or confirmation.<\/strong><\/p>\n\n\n\n<p><strong>e-post: spectrolite.finland@gmail.com <\/strong><\/p>\n\n\n\n<p><strong>or eskohamalainen@hotmail.com<\/strong><\/p>\n\n\n\n<p><strong>Address: Ylamaa Gem Show c\/o&nbsp;Esko Hamalainen, Rintelantie 4, 54410 Lappeenranta, Finland<\/strong><\/p>\n<\/div>\n<\/div>\n\n\n\n<p><\/p>\n","protected":false},"excerpt":{"rendered":"<p>Ylamaa Gem Show 20254.7 &#8211; 6.07.2025&nbsp;in&nbsp;Ylamaa Gem CenterFri 12-18, Sat and Sun 10-18 Address: Kivikylantie 4, 54410 Ylamaa, Finland Vastly popular Yl\u00e4maa International Gem and Mineral Show is going to be organised\u00a04th\u00a0to 6th July 2025. Our Gem Show\u00a0is appeciated\u00a0as largest\u00a0of the major events in its field in Finland and the Northern Countries in Europe. Whether &#8230; <a title=\"Gem Show\" class=\"read-more\" href=\"https:\/\/ylamaanjalokivimuseo.fi\/en\/gem-show\/\" aria-label=\"Read more about Gem Show\">Read more<\/a><\/p>\n","protected":false},"author":1,"featured_media":0,"parent":0,"menu_order":0,"comment_status":"closed","ping_status":"closed","template":"","meta":{"footnotes":""},"class_list":["post-242","page","type-page","status-publish"],"yoast_head":"<!-- This site is optimized with the Yoast SEO plugin v24.1 - https:\/\/yoast.com\/wordpress\/plugins\/seo\/ -->\n<title>Gem Show - Yl\u00e4maan Jalokivimuseoyhdistys r.y<\/title>\n<meta name=\"robots\" content=\"index, follow, max-snippet:-1, max-image-preview:large, max-video-preview:-1\" \/>\n<link rel=\"canonical\" href=\"https:\/\/ylamaanjalokivimuseo.fi\/en\/gem-show\/\" \/>\n<meta property=\"og:locale\" content=\"en_US\" \/>\n<meta property=\"og:type\" content=\"article\" \/>\n<meta property=\"og:title\" content=\"Gem Show - Yl\u00e4maan Jalokivimuseoyhdistys r.y\" \/>\n<meta property=\"og:description\" content=\"Ylamaa Gem Show 20254.7 &#8211; 6.07.2025&nbsp;in&nbsp;Ylamaa Gem CenterFri 12-18, Sat and Sun 10-18 Address: Kivikylantie 4, 54410 Ylamaa, Finland Vastly popular Yl\u00e4maa International Gem and Mineral Show is going to be organised\u00a04th\u00a0to 6th July 2025. Our Gem Show\u00a0is appeciated\u00a0as largest\u00a0of the major events in its field in Finland and the Northern Countries in Europe. Whether ... Read more\" \/>\n<meta property=\"og:url\" content=\"https:\/\/ylamaanjalokivimuseo.fi\/en\/gem-show\/\" \/>\n<meta property=\"og:site_name\" content=\"Yl\u00e4maan Jalokivimuseoyhdistys r.y\" \/>\n<meta property=\"article:modified_time\" content=\"2025-04-21T12:43:02+00:00\" \/>\n<meta property=\"og:image\" content=\"https:\/\/ylamaanjalokivimuseo.fi\/wp-content\/uploads\/2024\/12\/jALOKIVIMESSUT_17_naytteilleasettajat_kuvat_Riina_kasinmaalaus_4_-1024x576.jpg\" \/>\n\t<meta property=\"og:image:width\" content=\"1024\" \/>\n\t<meta property=\"og:image:height\" content=\"576\" \/>\n\t<meta property=\"og:image:type\" content=\"image\/jpeg\" \/>\n<meta name=\"twitter:card\" content=\"summary_large_image\" \/>\n<meta name=\"twitter:label1\" content=\"Est. reading time\" \/>\n\t<meta name=\"twitter:data1\" content=\"3 minutes\" \/>\n<script type=\"application\/ld+json\" class=\"yoast-schema-graph\">{\"@context\":\"https:\/\/schema.org\",\"@graph\":[{\"@type\":\"WebPage\",\"@id\":\"https:\/\/ylamaanjalokivimuseo.fi\/en\/gem-show\/\",\"url\":\"https:\/\/ylamaanjalokivimuseo.fi\/en\/gem-show\/\",\"name\":\"Gem Show - Yl\u00e4maan Jalokivimuseoyhdistys r.y\",\"isPartOf\":{\"@id\":\"https:\/\/ylamaanjalokivimuseo.fi\/#website\"},\"primaryImageOfPage\":{\"@id\":\"https:\/\/ylamaanjalokivimuseo.fi\/en\/gem-show\/#primaryimage\"},\"image\":{\"@id\":\"https:\/\/ylamaanjalokivimuseo.fi\/en\/gem-show\/#primaryimage\"},\"thumbnailUrl\":\"https:\/\/ylamaanjalokivimuseo.fi\/wp-content\/uploads\/2024\/12\/jALOKIVIMESSUT_17_naytteilleasettajat_kuvat_Riina_kasinmaalaus_4_-1024x576.jpg\",\"datePublished\":\"2024-10-22T10:42:26+00:00\",\"dateModified\":\"2025-04-21T12:43:02+00:00\",\"breadcrumb\":{\"@id\":\"https:\/\/ylamaanjalokivimuseo.fi\/en\/gem-show\/#breadcrumb\"},\"inLanguage\":\"en-US\",\"potentialAction\":[{\"@type\":\"ReadAction\",\"target\":[\"https:\/\/ylamaanjalokivimuseo.fi\/en\/gem-show\/\"]}]},{\"@type\":\"ImageObject\",\"inLanguage\":\"en-US\",\"@id\":\"https:\/\/ylamaanjalokivimuseo.fi\/en\/gem-show\/#primaryimage\",\"url\":\"https:\/\/ylamaanjalokivimuseo.fi\/wp-content\/uploads\/2024\/12\/jALOKIVIMESSUT_17_naytteilleasettajat_kuvat_Riina_kasinmaalaus_4_-1024x576.jpg\",\"contentUrl\":\"https:\/\/ylamaanjalokivimuseo.fi\/wp-content\/uploads\/2024\/12\/jALOKIVIMESSUT_17_naytteilleasettajat_kuvat_Riina_kasinmaalaus_4_-1024x576.jpg\"},{\"@type\":\"BreadcrumbList\",\"@id\":\"https:\/\/ylamaanjalokivimuseo.fi\/en\/gem-show\/#breadcrumb\",\"itemListElement\":[{\"@type\":\"ListItem\",\"position\":1,\"name\":\"Home\",\"item\":\"https:\/\/ylamaanjalokivimuseo.fi\/en\/\"},{\"@type\":\"ListItem\",\"position\":2,\"name\":\"Gem Show\"}]},{\"@type\":\"WebSite\",\"@id\":\"https:\/\/ylamaanjalokivimuseo.fi\/#website\",\"url\":\"https:\/\/ylamaanjalokivimuseo.fi\/\",\"name\":\"Yl\u00e4maan Jalokivimuseoyhdistys r.y\",\"description\":\"\",\"potentialAction\":[{\"@type\":\"SearchAction\",\"target\":{\"@type\":\"EntryPoint\",\"urlTemplate\":\"https:\/\/ylamaanjalokivimuseo.fi\/?s={search_term_string}\"},\"query-input\":{\"@type\":\"PropertyValueSpecification\",\"valueRequired\":true,\"valueName\":\"search_term_string\"}}],\"inLanguage\":\"en-US\"}]}<\/script>\n<!-- \/ Yoast SEO plugin. -->","yoast_head_json":{"title":"Gem Show - Yl\u00e4maan Jalokivimuseoyhdistys r.y","robots":{"index":"index","follow":"follow","max-snippet":"max-snippet:-1","max-image-preview":"max-image-preview:large","max-video-preview":"max-video-preview:-1"},"canonical":"https:\/\/ylamaanjalokivimuseo.fi\/en\/gem-show\/","og_locale":"en_US","og_type":"article","og_title":"Gem Show - Yl\u00e4maan Jalokivimuseoyhdistys r.y","og_description":"Ylamaa Gem Show 20254.7 &#8211; 6.07.2025&nbsp;in&nbsp;Ylamaa Gem CenterFri 12-18, Sat and Sun 10-18 Address: Kivikylantie 4, 54410 Ylamaa, Finland Vastly popular Yl\u00e4maa International Gem and Mineral Show is going to be organised\u00a04th\u00a0to 6th July 2025. Our Gem Show\u00a0is appeciated\u00a0as largest\u00a0of the major events in its field in Finland and the Northern Countries in Europe. Whether ... Read more","og_url":"https:\/\/ylamaanjalokivimuseo.fi\/en\/gem-show\/","og_site_name":"Yl\u00e4maan Jalokivimuseoyhdistys r.y","article_modified_time":"2025-04-21T12:43:02+00:00","og_image":[{"width":1024,"height":576,"url":"https:\/\/ylamaanjalokivimuseo.fi\/wp-content\/uploads\/2024\/12\/jALOKIVIMESSUT_17_naytteilleasettajat_kuvat_Riina_kasinmaalaus_4_-1024x576.jpg","type":"image\/jpeg"}],"twitter_card":"summary_large_image","twitter_misc":{"Est. reading time":"3 minutes"},"schema":{"@context":"https:\/\/schema.org","@graph":[{"@type":"WebPage","@id":"https:\/\/ylamaanjalokivimuseo.fi\/en\/gem-show\/","url":"https:\/\/ylamaanjalokivimuseo.fi\/en\/gem-show\/","name":"Gem Show - Yl\u00e4maan Jalokivimuseoyhdistys r.y","isPartOf":{"@id":"https:\/\/ylamaanjalokivimuseo.fi\/#website"},"primaryImageOfPage":{"@id":"https:\/\/ylamaanjalokivimuseo.fi\/en\/gem-show\/#primaryimage"},"image":{"@id":"https:\/\/ylamaanjalokivimuseo.fi\/en\/gem-show\/#primaryimage"},"thumbnailUrl":"https:\/\/ylamaanjalokivimuseo.fi\/wp-content\/uploads\/2024\/12\/jALOKIVIMESSUT_17_naytteilleasettajat_kuvat_Riina_kasinmaalaus_4_-1024x576.jpg","datePublished":"2024-10-22T10:42:26+00:00","dateModified":"2025-04-21T12:43:02+00:00","breadcrumb":{"@id":"https:\/\/ylamaanjalokivimuseo.fi\/en\/gem-show\/#breadcrumb"},"inLanguage":"en-US","potentialAction":[{"@type":"ReadAction","target":["https:\/\/ylamaanjalokivimuseo.fi\/en\/gem-show\/"]}]},{"@type":"ImageObject","inLanguage":"en-US","@id":"https:\/\/ylamaanjalokivimuseo.fi\/en\/gem-show\/#primaryimage","url":"https:\/\/ylamaanjalokivimuseo.fi\/wp-content\/uploads\/2024\/12\/jALOKIVIMESSUT_17_naytteilleasettajat_kuvat_Riina_kasinmaalaus_4_-1024x576.jpg","contentUrl":"https:\/\/ylamaanjalokivimuseo.fi\/wp-content\/uploads\/2024\/12\/jALOKIVIMESSUT_17_naytteilleasettajat_kuvat_Riina_kasinmaalaus_4_-1024x576.jpg"},{"@type":"BreadcrumbList","@id":"https:\/\/ylamaanjalokivimuseo.fi\/en\/gem-show\/#breadcrumb","itemListElement":[{"@type":"ListItem","position":1,"name":"Home","item":"https:\/\/ylamaanjalokivimuseo.fi\/en\/"},{"@type":"ListItem","position":2,"name":"Gem Show"}]},{"@type":"WebSite","@id":"https:\/\/ylamaanjalokivimuseo.fi\/#website","url":"https:\/\/ylamaanjalokivimuseo.fi\/","name":"Yl\u00e4maan Jalokivimuseoyhdistys r.y","description":"","potentialAction":[{"@type":"SearchAction","target":{"@type":"EntryPoint","urlTemplate":"https:\/\/ylamaanjalokivimuseo.fi\/?s={search_term_string}"},"query-input":{"@type":"PropertyValueSpecification","valueRequired":true,"valueName":"search_term_string"}}],"inLanguage":"en-US"}]}},"_links":{"self":[{"href":"https:\/\/ylamaanjalokivimuseo.fi\/en\/wp-json\/wp\/v2\/pages\/242","targetHints":{"allow":["GET"]}}],"collection":[{"href":"https:\/\/ylamaanjalokivimuseo.fi\/en\/wp-json\/wp\/v2\/pages"}],"about":[{"href":"https:\/\/ylamaanjalokivimuseo.fi\/en\/wp-json\/wp\/v2\/types\/page"}],"author":[{"embeddable":true,"href":"https:\/\/ylamaanjalokivimuseo.fi\/en\/wp-json\/wp\/v2\/users\/1"}],"replies":[{"embeddable":true,"href":"https:\/\/ylamaanjalokivimuseo.fi\/en\/wp-json\/wp\/v2\/comments?post=242"}],"version-history":[{"count":3,"href":"https:\/\/ylamaanjalokivimuseo.fi\/en\/wp-json\/wp\/v2\/pages\/242\/revisions"}],"predecessor-version":[{"id":306,"href":"https:\/\/ylamaanjalokivimuseo.fi\/en\/wp-json\/wp\/v2\/pages\/242\/revisions\/306"}],"wp:attachment":[{"href":"https:\/\/ylamaanjalokivimuseo.fi\/en\/wp-json\/wp\/v2\/media?parent=242"}],"curies":[{"name":"wp","href":"https:\/\/api.w.org\/{rel}","templated":true}]}}