{"id":260,"date":"2024-10-22T10:42:18","date_gmt":"2024-10-22T10:42:18","guid":{"rendered":"https:\/\/ylamaanjalokivimuseo.fi\/jalokivimuseo\/"},"modified":"2026-03-04T14:19:10","modified_gmt":"2026-03-04T14:19:10","slug":"gem-museum","status":"publish","type":"page","link":"https:\/\/ylamaanjalokivimuseo.fi\/en\/gem-museum\/","title":{"rendered":"Jalokivimuseo"},"content":{"rendered":"\n<h3 class=\"wp-block-heading custom-font\">Tervetuloa Jalokivimuseoon!<\/h3>\n\n\n\n<h3 class=\"wp-block-heading\"><\/h3>\n\n\n\n<p>Yl\u00e4maan jalokivimuseo on todellinen jalokivien ja kivien aarreaitta. Jalokivien kiteiden ja kallioper\u00e4n piilossa olevien kivien muotojen, v\u00e4rien ja rakenteiden monimuotoisuus tarjoaa k\u00e4vij\u00e4lle upean n\u00e4kym\u00e4n ja johdatukse<\/p>\n\n\n\n<p>\u00c4l\u00e4 ep\u00e4r\u00f6i astua Yl\u00e4maan jalokivimuseoon! Sinut johdatetaan mineraalien ihmeelliseen maailmaan; muiden kristallien joukossa n\u00e4et replikakokoelman maailman kuuluisimmista timanteista, aavikkoruusuja, merijaspiksia, nelj\u00e4nnestonnin painoisen ruusukvartsin Madagaskarilta, erilaisia \u200b\u200bmineraalimalmeja ja yli 5000 muuta j\u00e4nnitt\u00e4v\u00e4\u00e4 n\u00e4ytett\u00e4. My\u00f6s esihistorialliset fossiilit, korallit ja meteoriitit ovat kiehtovia.<\/p>\n\n\n\n<p>Opit paljon maailman kauneimmasta labradoriitista, spektroliitista, jota l\u00f6ytyy vain Yl\u00e4maalta, muutaman kilometrin p\u00e4\u00e4st\u00e4 jalokivimuseosta. Museossa esitell\u00e4\u00e4n my\u00f6s upeissa kirkkaissa v\u00e4reiss\u00e4 s\u00e4teilevi\u00e4 fluoresoivia mineraaleja, jotka ovat ikimuistoinen kokemus.<\/p>\n\n\n\n<p>Tavallisia, ep\u00e4tavallisia ja fantastisia mineraaleja!<\/p>\n\n\n\n<p>Opastuskielet: Suomi, Swedish, English<\/p>\n\n\n\n<p><\/p>\n\n\n\n<p>Avoinna: 1.6.-31.8. Ma-su 12-15<br>Muina aikoina ryhmille ennakkovarauksella<\/p>\n\n\n\n<p>P\u00e4\u00e4symaksut:<\/p>\n\n\n\n<p>-aikuiset 5 \u20ac, lapset 2 \u20ac, alle 12-vuotiaat ilmaiseksi vanhempien seurassa<br>-ryhmille erikoistarjoukset (v\u00e4hint\u00e4\u00e4n 8 henkil\u00f6\u00e4)<\/p>\n\n\n\n<p>Tiedustelut ja varaukset:<\/p>\n\n\n\n<p><a href=\"mailto:info@ylamaanjalokivimuseo.fi\">info@ylamaanjalokivimuseo.fi<\/a><br>puh. +358 400 391590 opas<\/p>\n","protected":false},"excerpt":{"rendered":"<p>Tervetuloa Jalokivimuseoon! Yl\u00e4maan jalokivimuseo on todellinen jalokivien ja kivien aarreaitta. Jalokivien kiteiden ja kallioper\u00e4n piilossa olevien kivien muotojen, v\u00e4rien ja rakenteiden monimuotoisuus tarjoaa k\u00e4vij\u00e4lle upean n\u00e4kym\u00e4n ja johdatukse \u00c4l\u00e4 ep\u00e4r\u00f6i astua Yl\u00e4maan jalokivimuseoon! Sinut johdatetaan mineraalien ihmeelliseen maailmaan; muiden kristallien joukossa n\u00e4et replikakokoelman maailman kuuluisimmista timanteista, aavikkoruusuja, merijaspiksia, nelj\u00e4nnestonnin painoisen ruusukvartsin Madagaskarilta, erilaisia \u200b\u200bmineraalimalmeja ja &#8230; <a title=\"Jalokivimuseo\" class=\"read-more\" href=\"https:\/\/ylamaanjalokivimuseo.fi\/en\/gem-museum\/\" aria-label=\"Read more about Jalokivimuseo\">Read more<\/a><\/p>\n","protected":false},"author":1,"featured_media":0,"parent":0,"menu_order":0,"comment_status":"closed","ping_status":"closed","template":"","meta":{"footnotes":""},"class_list":["post-260","page","type-page","status-publish"],"yoast_head":"<!-- This site is optimized with the Yoast SEO plugin v24.1 - https:\/\/yoast.com\/wordpress\/plugins\/seo\/ -->\n<title>Jalokivimuseo - Yl\u00e4maan Jalokivimuseoyhdistys r.y<\/title>\n<meta name=\"robots\" content=\"index, follow, max-snippet:-1, max-image-preview:large, max-video-preview:-1\" \/>\n<link rel=\"canonical\" href=\"https:\/\/ylamaanjalokivimuseo.fi\/en\/gem-museum\/\" \/>\n<meta property=\"og:locale\" content=\"en_US\" \/>\n<meta property=\"og:type\" content=\"article\" \/>\n<meta property=\"og:title\" content=\"Jalokivimuseo - Yl\u00e4maan Jalokivimuseoyhdistys r.y\" \/>\n<meta property=\"og:description\" content=\"Tervetuloa Jalokivimuseoon! Yl\u00e4maan jalokivimuseo on todellinen jalokivien ja kivien aarreaitta. Jalokivien kiteiden ja kallioper\u00e4n piilossa olevien kivien muotojen, v\u00e4rien ja rakenteiden monimuotoisuus tarjoaa k\u00e4vij\u00e4lle upean n\u00e4kym\u00e4n ja johdatukse \u00c4l\u00e4 ep\u00e4r\u00f6i astua Yl\u00e4maan jalokivimuseoon! Sinut johdatetaan mineraalien ihmeelliseen maailmaan; muiden kristallien joukossa n\u00e4et replikakokoelman maailman kuuluisimmista timanteista, aavikkoruusuja, merijaspiksia, nelj\u00e4nnestonnin painoisen ruusukvartsin Madagaskarilta, erilaisia \u200b\u200bmineraalimalmeja ja ... Read more\" \/>\n<meta property=\"og:url\" content=\"https:\/\/ylamaanjalokivimuseo.fi\/en\/gem-museum\/\" \/>\n<meta property=\"og:site_name\" content=\"Yl\u00e4maan Jalokivimuseoyhdistys r.y\" \/>\n<meta property=\"article:modified_time\" content=\"2026-03-04T14:19:10+00:00\" \/>\n<meta name=\"twitter:card\" content=\"summary_large_image\" \/>\n<meta name=\"twitter:label1\" content=\"Est. reading time\" \/>\n\t<meta name=\"twitter:data1\" content=\"1 minute\" \/>\n<script type=\"application\/ld+json\" class=\"yoast-schema-graph\">{\"@context\":\"https:\/\/schema.org\",\"@graph\":[{\"@type\":\"WebPage\",\"@id\":\"https:\/\/ylamaanjalokivimuseo.fi\/en\/gem-museum\/\",\"url\":\"https:\/\/ylamaanjalokivimuseo.fi\/en\/gem-museum\/\",\"name\":\"Jalokivimuseo - Yl\u00e4maan Jalokivimuseoyhdistys r.y\",\"isPartOf\":{\"@id\":\"https:\/\/ylamaanjalokivimuseo.fi\/#website\"},\"datePublished\":\"2024-10-22T10:42:18+00:00\",\"dateModified\":\"2026-03-04T14:19:10+00:00\",\"breadcrumb\":{\"@id\":\"https:\/\/ylamaanjalokivimuseo.fi\/en\/gem-museum\/#breadcrumb\"},\"inLanguage\":\"en-US\",\"potentialAction\":[{\"@type\":\"ReadAction\",\"target\":[\"https:\/\/ylamaanjalokivimuseo.fi\/en\/gem-museum\/\"]}]},{\"@type\":\"BreadcrumbList\",\"@id\":\"https:\/\/ylamaanjalokivimuseo.fi\/en\/gem-museum\/#breadcrumb\",\"itemListElement\":[{\"@type\":\"ListItem\",\"position\":1,\"name\":\"Home\",\"item\":\"https:\/\/ylamaanjalokivimuseo.fi\/en\/\"},{\"@type\":\"ListItem\",\"position\":2,\"name\":\"Jalokivimuseo\"}]},{\"@type\":\"WebSite\",\"@id\":\"https:\/\/ylamaanjalokivimuseo.fi\/#website\",\"url\":\"https:\/\/ylamaanjalokivimuseo.fi\/\",\"name\":\"Yl\u00e4maan Jalokivimuseoyhdistys r.y\",\"description\":\"\",\"potentialAction\":[{\"@type\":\"SearchAction\",\"target\":{\"@type\":\"EntryPoint\",\"urlTemplate\":\"https:\/\/ylamaanjalokivimuseo.fi\/?s={search_term_string}\"},\"query-input\":{\"@type\":\"PropertyValueSpecification\",\"valueRequired\":true,\"valueName\":\"search_term_string\"}}],\"inLanguage\":\"en-US\"}]}<\/script>\n<!-- \/ Yoast SEO plugin. -->","yoast_head_json":{"title":"Jalokivimuseo - Yl\u00e4maan Jalokivimuseoyhdistys r.y","robots":{"index":"index","follow":"follow","max-snippet":"max-snippet:-1","max-image-preview":"max-image-preview:large","max-video-preview":"max-video-preview:-1"},"canonical":"https:\/\/ylamaanjalokivimuseo.fi\/en\/gem-museum\/","og_locale":"en_US","og_type":"article","og_title":"Jalokivimuseo - Yl\u00e4maan Jalokivimuseoyhdistys r.y","og_description":"Tervetuloa Jalokivimuseoon! Yl\u00e4maan jalokivimuseo on todellinen jalokivien ja kivien aarreaitta. Jalokivien kiteiden ja kallioper\u00e4n piilossa olevien kivien muotojen, v\u00e4rien ja rakenteiden monimuotoisuus tarjoaa k\u00e4vij\u00e4lle upean n\u00e4kym\u00e4n ja johdatukse \u00c4l\u00e4 ep\u00e4r\u00f6i astua Yl\u00e4maan jalokivimuseoon! Sinut johdatetaan mineraalien ihmeelliseen maailmaan; muiden kristallien joukossa n\u00e4et replikakokoelman maailman kuuluisimmista timanteista, aavikkoruusuja, merijaspiksia, nelj\u00e4nnestonnin painoisen ruusukvartsin Madagaskarilta, erilaisia \u200b\u200bmineraalimalmeja ja ... Read more","og_url":"https:\/\/ylamaanjalokivimuseo.fi\/en\/gem-museum\/","og_site_name":"Yl\u00e4maan Jalokivimuseoyhdistys r.y","article_modified_time":"2026-03-04T14:19:10+00:00","twitter_card":"summary_large_image","twitter_misc":{"Est. reading time":"1 minute"},"schema":{"@context":"https:\/\/schema.org","@graph":[{"@type":"WebPage","@id":"https:\/\/ylamaanjalokivimuseo.fi\/en\/gem-museum\/","url":"https:\/\/ylamaanjalokivimuseo.fi\/en\/gem-museum\/","name":"Jalokivimuseo - Yl\u00e4maan Jalokivimuseoyhdistys r.y","isPartOf":{"@id":"https:\/\/ylamaanjalokivimuseo.fi\/#website"},"datePublished":"2024-10-22T10:42:18+00:00","dateModified":"2026-03-04T14:19:10+00:00","breadcrumb":{"@id":"https:\/\/ylamaanjalokivimuseo.fi\/en\/gem-museum\/#breadcrumb"},"inLanguage":"en-US","potentialAction":[{"@type":"ReadAction","target":["https:\/\/ylamaanjalokivimuseo.fi\/en\/gem-museum\/"]}]},{"@type":"BreadcrumbList","@id":"https:\/\/ylamaanjalokivimuseo.fi\/en\/gem-museum\/#breadcrumb","itemListElement":[{"@type":"ListItem","position":1,"name":"Home","item":"https:\/\/ylamaanjalokivimuseo.fi\/en\/"},{"@type":"ListItem","position":2,"name":"Jalokivimuseo"}]},{"@type":"WebSite","@id":"https:\/\/ylamaanjalokivimuseo.fi\/#website","url":"https:\/\/ylamaanjalokivimuseo.fi\/","name":"Yl\u00e4maan Jalokivimuseoyhdistys r.y","description":"","potentialAction":[{"@type":"SearchAction","target":{"@type":"EntryPoint","urlTemplate":"https:\/\/ylamaanjalokivimuseo.fi\/?s={search_term_string}"},"query-input":{"@type":"PropertyValueSpecification","valueRequired":true,"valueName":"search_term_string"}}],"inLanguage":"en-US"}]}},"_links":{"self":[{"href":"https:\/\/ylamaanjalokivimuseo.fi\/en\/wp-json\/wp\/v2\/pages\/260","targetHints":{"allow":["GET"]}}],"collection":[{"href":"https:\/\/ylamaanjalokivimuseo.fi\/en\/wp-json\/wp\/v2\/pages"}],"about":[{"href":"https:\/\/ylamaanjalokivimuseo.fi\/en\/wp-json\/wp\/v2\/types\/page"}],"author":[{"embeddable":true,"href":"https:\/\/ylamaanjalokivimuseo.fi\/en\/wp-json\/wp\/v2\/users\/1"}],"replies":[{"embeddable":true,"href":"https:\/\/ylamaanjalokivimuseo.fi\/en\/wp-json\/wp\/v2\/comments?post=260"}],"version-history":[{"count":4,"href":"https:\/\/ylamaanjalokivimuseo.fi\/en\/wp-json\/wp\/v2\/pages\/260\/revisions"}],"predecessor-version":[{"id":379,"href":"https:\/\/ylamaanjalokivimuseo.fi\/en\/wp-json\/wp\/v2\/pages\/260\/revisions\/379"}],"wp:attachment":[{"href":"https:\/\/ylamaanjalokivimuseo.fi\/en\/wp-json\/wp\/v2\/media?parent=260"}],"curies":[{"name":"wp","href":"https:\/\/api.w.org\/{rel}","templated":true}]}}