{"id":284,"date":"2024-10-22T10:42:05","date_gmt":"2024-10-22T10:42:05","guid":{"rendered":"https:\/\/ylamaanjalokivimuseo.fi\/etusivu\/"},"modified":"2024-12-12T07:18:15","modified_gmt":"2024-12-12T07:18:15","slug":"etusivu","status":"publish","type":"page","link":"https:\/\/ylamaanjalokivimuseo.fi\/en\/","title":{"rendered":"Front page"},"content":{"rendered":"\n<div class=\"wp-block-columns is-layout-flex wp-container-core-columns-is-layout-9d6595d7 wp-block-columns-is-layout-flex\">\n<div class=\"wp-block-column is-layout-flow wp-block-column-is-layout-flow\" style=\"flex-basis:60%\">\n<h2 class=\"wp-block-heading has-text-align-left\"><em><strong>Ylamaa Gem&amp;Mineral Show 2025&nbsp;in Ylamaa Gem Center<\/strong><\/em><\/h2>\n\n\n\n<p><em><strong>4.7 &#8211; 6.7.2025&nbsp;Friday 12-18, Saturday and Sunday<\/strong><\/em><\/p>\n\n\n\n<p><em><strong>YLAMAA GEM SHOW<\/strong>&nbsp;is once again a stunning showcase with worldwide gems, rocks and jewelery. For this reason, the Ylamaa Gem Show&nbsp;is perhaps the most famous event in the world from&nbsp;our country. Standard themes include gems, minerals, meteorites and fossils from around the world. Dozens of exhibitors will present each other in addition to each other\u2019s most stunning rock and jewelry, as well as other unique everyday objects and ornaments and products&nbsp;made of stone. As a&nbsp;delight of children, the show&nbsp;once again has a sandbox of treasures with genuine gemstones to pick up&nbsp;home. More information about the show and application for exhibitors&nbsp;can be found on the Gem Show&nbsp;page.<\/em><\/p>\n\n\n\n<p><em><strong>TREASURES OF THE GEM&nbsp;MUSEUM<\/strong> The Ylamaa Gem Museum is a real treasure trove of gems and other natural stones. The beautiful natural stone floor is part of the museum\u2019s exhibition, where you can explore the world of gemstones. In the showcases of our museum, you will see special themes adapted for each summer. The highlight is the versatile special exhibition of the spectrolite of our national gemstone under the guidance of an expert. Once again, there is more excitement for children, such as finding authentic treasures of precious and gemstones in the sandbox, which have gained popularity in time.<\/em><\/p>\n\n\n\n<p><em>The Gem&nbsp;Museum is open until summer 1.6. &#8211; 31.8.2025 at 12-15 and at other times by appointment. Any changes will be announced on these pages.<\/em><em>See the Gem Museum page for more information.<\/em><\/p>\n\n\n\n<p><em><strong>GEM HUNTING TOURS&nbsp;<\/strong>1.6.-30.9.2025.&nbsp;Visit us to pick up your own spectrolite. We are guiding&nbsp;you&nbsp;or your group&#8217;&nbsp;to a amazing&nbsp;Spectrolite gem&nbsp;hunting to the Ylamaa Gem Quarry, where you can pick up your own and authentic spectrolite gemstone in beautiful colors. On request, we arrange gemstone tours and quarry visits cheaply for individuals, families and groups of different sizes. Also&nbsp;you can visit, for example, a&nbsp;famous Salpa Finnish defense line&nbsp;where the spectrolite was&nbsp;found. For daily direct visits art the spectrolite quarry, you can join&nbsp;Spectrolite Gem Hunting Tour at 12:30 pm without prior booking.<\/em><\/p>\n\n\n\n<p><em>More information on the GemTour page.<\/em><em><\/em><\/p>\n\n\n\n<p><strong><em>Inquiries and bookings:<\/em><\/strong><\/p>\n\n\n\n<p><em>tel. 0400 391590, Whatsapp: +358400391590 eskohamalainen@hotmail.com<\/em><em><\/em><\/p>\n\n\n\n<p><em>Mr. Esko Hamalainen, Ylamaa Gem Museum Club, Chairman, Director of the Ylamaa Gem Show and Head of the Gem Museum &amp; Gem Tour.<\/em><\/p>\n<\/div>\n\n\n\n<div class=\"wp-block-column is-layout-flow wp-block-column-is-layout-flow\" style=\"flex-basis:40%\">\n<iframe loading=\"lazy\" align=\"top\" allowfullscreen=\"\" frameborder=\"0\" height=\"200\" scrolling=\"no\" src=\"https:\/\/www.google.com\/maps\/embed?pb=!1m18!1m12!1m3!1d1947.06631149188!2d28.009696051718482!3d60.79021269999077!2m3!1f0!2f0!3f0!3m2!1i1024!2i768!4f13.1!3m3!1m2!1s0x4690dcfbdd6c26f3%3A0x2c59c3bf652d4a49!2sYl%C3%A4maan+Jalokivimuseoyhdistys+R.Y.!5e0!3m2!1sfi!2sfi!4v1546609417531\" style=\"border:0;\" width=\"200\"><\/iframe>\n\n\n\n<p><strong>GEM MUSEUM YL\u00c4MAA \/ YLAMAA GEM MUSEUM SOCIETY:<\/strong><\/p>\n\n\n\n<p>Address: Yl\u00e4maa Gem Center, Kivikyl\u00e4ntie 19, 54410 Yl\u00e4maa, Finland (Lappeenranta)<\/p>\n\n\n\n<p><a href=\"mailto:eskohamalainen@hotmail.com\">eskohamalainen@hotmail.com<\/a>, Mr. Esko Hamalainen<\/p>\n\n\n\n<p>Tel: +358 400 391 590 (all year round),&nbsp;Whatsapp: +358400391590<\/p>\n\n\n\n<p><a href=\"mailto:info@ylamaanjalokivimuseo.fi\">info@ylamaanjalokivimuseo.fi<\/a><\/p>\n\n\n\n<div style=\"height:25px\" aria-hidden=\"true\" class=\"wp-block-spacer\"><\/div>\n\n\n<div class=\"wp-block-image\">\n<figure class=\"alignleft size-full\"><img loading=\"lazy\" decoding=\"async\" width=\"156\" height=\"262\" src=\"https:\/\/ylamaanjalokivimuseo.fi\/wp-content\/uploads\/2024\/10\/a_spektroliitti.jpg\" alt=\"\" class=\"wp-image-40\"\/><\/figure>\n<\/div><\/div>\n<\/div>\n\n\n\n<figure class=\"wp-block-gallery has-nested-images columns-5 is-cropped wp-block-gallery-1 is-layout-flex wp-block-gallery-is-layout-flex\">\n<figure data-wp-context=\"{&quot;imageId&quot;:&quot;69e0b3687b130&quot;}\" data-wp-interactive=\"core\/image\" data-wp-key=\"69e0b3687b130\" class=\"wp-block-image size-large wp-lightbox-container\"><img loading=\"lazy\" decoding=\"async\" width=\"1024\" height=\"604\" data-wp-class--hide=\"state.isContentHidden\" data-wp-class--show=\"state.isContentVisible\" data-wp-init=\"callbacks.setButtonStyles\" data-wp-on--click=\"actions.showLightbox\" data-wp-on--load=\"callbacks.setButtonStyles\" data-wp-on-window--resize=\"callbacks.setButtonStyles\" data-id=\"52\" src=\"https:\/\/ylamaanjalokivimuseo.fi\/wp-content\/uploads\/2024\/10\/spektrolite_quarry_4_-1024x604.jpg\" alt=\"\" class=\"wp-image-52\" srcset=\"https:\/\/ylamaanjalokivimuseo.fi\/wp-content\/uploads\/2024\/10\/spektrolite_quarry_4_-1024x604.jpg 1024w, https:\/\/ylamaanjalokivimuseo.fi\/wp-content\/uploads\/2024\/10\/spektrolite_quarry_4_-300x177.jpg 300w, https:\/\/ylamaanjalokivimuseo.fi\/wp-content\/uploads\/2024\/10\/spektrolite_quarry_4_-768x453.jpg 768w, https:\/\/ylamaanjalokivimuseo.fi\/wp-content\/uploads\/2024\/10\/spektrolite_quarry_4_-1536x906.jpg 1536w, https:\/\/ylamaanjalokivimuseo.fi\/wp-content\/uploads\/2024\/10\/spektrolite_quarry_4_.jpg 1832w\" sizes=\"auto, (max-width: 1024px) 100vw, 1024px\" \/><button\n\t\t\tclass=\"lightbox-trigger\"\n\t\t\ttype=\"button\"\n\t\t\taria-haspopup=\"dialog\"\n\t\t\taria-label=\"Enlarge\"\n\t\t\tdata-wp-init=\"callbacks.initTriggerButton\"\n\t\t\tdata-wp-on--click=\"actions.showLightbox\"\n\t\t\tdata-wp-style--right=\"state.imageButtonRight\"\n\t\t\tdata-wp-style--top=\"state.imageButtonTop\"\n\t\t>\n\t\t\t<svg xmlns=\"http:\/\/www.w3.org\/2000\/svg\" width=\"12\" height=\"12\" fill=\"none\" viewBox=\"0 0 12 12\">\n\t\t\t\t<path fill=\"#fff\" d=\"M2 0a2 2 0 0 0-2 2v2h1.5V2a.5.5 0 0 1 .5-.5h2V0H2Zm2 10.5H2a.5.5 0 0 1-.5-.5V8H0v2a2 2 0 0 0 2 2h2v-1.5ZM8 12v-1.5h2a.5.5 0 0 0 .5-.5V8H12v2a2 2 0 0 1-2 2H8Zm2-12a2 2 0 0 1 2 2v2h-1.5V2a.5.5 0 0 0-.5-.5H8V0h2Z\" \/>\n\t\t\t<\/svg>\n\t\t<\/button><\/figure>\n\n\n\n<figure class=\"wp-block-image size-large\"><img loading=\"lazy\" decoding=\"async\" width=\"1024\" height=\"818\" data-id=\"51\" src=\"https:\/\/ylamaanjalokivimuseo.fi\/wp-content\/uploads\/2024\/10\/Hagemann-1024x818.jpg\" alt=\"\" class=\"wp-image-51\" srcset=\"https:\/\/ylamaanjalokivimuseo.fi\/wp-content\/uploads\/2024\/10\/Hagemann-1024x818.jpg 1024w, https:\/\/ylamaanjalokivimuseo.fi\/wp-content\/uploads\/2024\/10\/Hagemann-300x240.jpg 300w, https:\/\/ylamaanjalokivimuseo.fi\/wp-content\/uploads\/2024\/10\/Hagemann-768x614.jpg 768w, https:\/\/ylamaanjalokivimuseo.fi\/wp-content\/uploads\/2024\/10\/Hagemann-1536x1227.jpg 1536w, https:\/\/ylamaanjalokivimuseo.fi\/wp-content\/uploads\/2024\/10\/Hagemann.jpg 1712w\" sizes=\"auto, (max-width: 1024px) 100vw, 1024px\" \/><\/figure>\n\n\n\n<figure class=\"wp-block-image size-large\"><img loading=\"lazy\" decoding=\"async\" width=\"512\" height=\"512\" data-id=\"50\" src=\"https:\/\/ylamaanjalokivimuseo.fi\/wp-content\/uploads\/2024\/10\/64834-ametisti_18_jalokivimuseo_big_amethyst_by_google_kuvat_edited_best_edited.jpg\" alt=\"\" class=\"wp-image-50\" srcset=\"https:\/\/ylamaanjalokivimuseo.fi\/wp-content\/uploads\/2024\/10\/64834-ametisti_18_jalokivimuseo_big_amethyst_by_google_kuvat_edited_best_edited.jpg 512w, https:\/\/ylamaanjalokivimuseo.fi\/wp-content\/uploads\/2024\/10\/64834-ametisti_18_jalokivimuseo_big_amethyst_by_google_kuvat_edited_best_edited-300x300.jpg 300w, https:\/\/ylamaanjalokivimuseo.fi\/wp-content\/uploads\/2024\/10\/64834-ametisti_18_jalokivimuseo_big_amethyst_by_google_kuvat_edited_best_edited-150x150.jpg 150w\" sizes=\"auto, (max-width: 512px) 100vw, 512px\" \/><\/figure>\n\n\n\n<figure class=\"wp-block-image size-large\"><img loading=\"lazy\" decoding=\"async\" width=\"1024\" height=\"843\" data-id=\"53\" src=\"https:\/\/ylamaanjalokivimuseo.fi\/wp-content\/uploads\/2024\/10\/TP_Graniitti_Baltic_Brown-1024x843.jpg\" alt=\"\" class=\"wp-image-53\" srcset=\"https:\/\/ylamaanjalokivimuseo.fi\/wp-content\/uploads\/2024\/10\/TP_Graniitti_Baltic_Brown-1024x843.jpg 1024w, https:\/\/ylamaanjalokivimuseo.fi\/wp-content\/uploads\/2024\/10\/TP_Graniitti_Baltic_Brown-300x247.jpg 300w, https:\/\/ylamaanjalokivimuseo.fi\/wp-content\/uploads\/2024\/10\/TP_Graniitti_Baltic_Brown-768x633.jpg 768w, https:\/\/ylamaanjalokivimuseo.fi\/wp-content\/uploads\/2024\/10\/TP_Graniitti_Baltic_Brown-1536x1265.jpg 1536w, https:\/\/ylamaanjalokivimuseo.fi\/wp-content\/uploads\/2024\/10\/TP_Graniitti_Baltic_Brown.jpg 2007w\" sizes=\"auto, (max-width: 1024px) 100vw, 1024px\" \/><\/figure>\n\n\n\n<figure class=\"wp-block-image size-large\"><img loading=\"lazy\" decoding=\"async\" width=\"200\" height=\"219\" data-id=\"49\" src=\"https:\/\/ylamaanjalokivimuseo.fi\/wp-content\/uploads\/2024\/10\/Spectrolite_rock_big_including_crystals.jpg\" alt=\"\" class=\"wp-image-49\"\/><\/figure>\n<\/figure>\n","protected":false},"excerpt":{"rendered":"<p>Ylamaa Gem&amp;Mineral Show 2025&nbsp;in Ylamaa Gem Center 4.7 &#8211; 6.7.2025&nbsp;Friday 12-18, Saturday and Sunday YLAMAA GEM SHOW&nbsp;is once again a stunning showcase with worldwide gems, rocks and jewelery. For this reason, the Ylamaa Gem Show&nbsp;is perhaps the most famous event in the world from&nbsp;our country. Standard themes include gems, minerals, meteorites and fossils from around &#8230; <a title=\"Front page\" class=\"read-more\" href=\"https:\/\/ylamaanjalokivimuseo.fi\/en\/\" aria-label=\"Read more about Front page\">Read more<\/a><\/p>\n","protected":false},"author":1,"featured_media":0,"parent":0,"menu_order":0,"comment_status":"closed","ping_status":"closed","template":"","meta":{"footnotes":""},"class_list":["post-284","page","type-page","status-publish"],"yoast_head":"<!-- This site is optimized with the Yoast SEO plugin v24.1 - https:\/\/yoast.com\/wordpress\/plugins\/seo\/ -->\n<title>Front page - Yl\u00e4maan Jalokivimuseoyhdistys r.y<\/title>\n<meta name=\"robots\" content=\"index, follow, max-snippet:-1, max-image-preview:large, max-video-preview:-1\" \/>\n<link rel=\"canonical\" href=\"https:\/\/ylamaanjalokivimuseo.fi\/en\/\" \/>\n<meta property=\"og:locale\" content=\"en_US\" \/>\n<meta property=\"og:type\" content=\"article\" \/>\n<meta property=\"og:title\" content=\"Front page - Yl\u00e4maan Jalokivimuseoyhdistys r.y\" \/>\n<meta property=\"og:description\" content=\"Ylamaa Gem&amp;Mineral Show 2025&nbsp;in Ylamaa Gem Center 4.7 &#8211; 6.7.2025&nbsp;Friday 12-18, Saturday and Sunday YLAMAA GEM SHOW&nbsp;is once again a stunning showcase with worldwide gems, rocks and jewelery. For this reason, the Ylamaa Gem Show&nbsp;is perhaps the most famous event in the world from&nbsp;our country. Standard themes include gems, minerals, meteorites and fossils from around ... Read more\" \/>\n<meta property=\"og:url\" content=\"https:\/\/ylamaanjalokivimuseo.fi\/en\/\" \/>\n<meta property=\"og:site_name\" content=\"Yl\u00e4maan Jalokivimuseoyhdistys r.y\" \/>\n<meta property=\"article:modified_time\" content=\"2024-12-12T07:18:15+00:00\" \/>\n<meta property=\"og:image\" content=\"https:\/\/ylamaanjalokivimuseo.fi\/wp-content\/uploads\/2024\/10\/a_spektroliitti.jpg\" \/>\n\t<meta property=\"og:image:width\" content=\"156\" \/>\n\t<meta property=\"og:image:height\" content=\"262\" \/>\n\t<meta property=\"og:image:type\" content=\"image\/jpeg\" \/>\n<meta name=\"twitter:card\" content=\"summary_large_image\" \/>\n<meta name=\"twitter:label1\" content=\"Est. reading time\" \/>\n\t<meta name=\"twitter:data1\" content=\"4 minutes\" \/>\n<script type=\"application\/ld+json\" class=\"yoast-schema-graph\">{\"@context\":\"https:\/\/schema.org\",\"@graph\":[{\"@type\":\"WebPage\",\"@id\":\"https:\/\/ylamaanjalokivimuseo.fi\/en\/\",\"url\":\"https:\/\/ylamaanjalokivimuseo.fi\/en\/\",\"name\":\"Front page - Yl\u00e4maan Jalokivimuseoyhdistys r.y\",\"isPartOf\":{\"@id\":\"https:\/\/ylamaanjalokivimuseo.fi\/#website\"},\"primaryImageOfPage\":{\"@id\":\"https:\/\/ylamaanjalokivimuseo.fi\/en\/#primaryimage\"},\"image\":{\"@id\":\"https:\/\/ylamaanjalokivimuseo.fi\/en\/#primaryimage\"},\"thumbnailUrl\":\"https:\/\/ylamaanjalokivimuseo.fi\/wp-content\/uploads\/2024\/10\/a_spektroliitti.jpg\",\"datePublished\":\"2024-10-22T10:42:05+00:00\",\"dateModified\":\"2024-12-12T07:18:15+00:00\",\"breadcrumb\":{\"@id\":\"https:\/\/ylamaanjalokivimuseo.fi\/en\/#breadcrumb\"},\"inLanguage\":\"en-US\",\"potentialAction\":[{\"@type\":\"ReadAction\",\"target\":[\"https:\/\/ylamaanjalokivimuseo.fi\/en\/\"]}]},{\"@type\":\"ImageObject\",\"inLanguage\":\"en-US\",\"@id\":\"https:\/\/ylamaanjalokivimuseo.fi\/en\/#primaryimage\",\"url\":\"https:\/\/ylamaanjalokivimuseo.fi\/wp-content\/uploads\/2024\/10\/a_spektroliitti.jpg\",\"contentUrl\":\"https:\/\/ylamaanjalokivimuseo.fi\/wp-content\/uploads\/2024\/10\/a_spektroliitti.jpg\"},{\"@type\":\"BreadcrumbList\",\"@id\":\"https:\/\/ylamaanjalokivimuseo.fi\/en\/#breadcrumb\",\"itemListElement\":[{\"@type\":\"ListItem\",\"position\":1,\"name\":\"Home\",\"item\":\"https:\/\/ylamaanjalokivimuseo.fi\/en\/\"},{\"@type\":\"ListItem\",\"position\":2,\"name\":\"Front page\"}]},{\"@type\":\"WebSite\",\"@id\":\"https:\/\/ylamaanjalokivimuseo.fi\/#website\",\"url\":\"https:\/\/ylamaanjalokivimuseo.fi\/\",\"name\":\"Yl\u00e4maan Jalokivimuseoyhdistys r.y\",\"description\":\"\",\"potentialAction\":[{\"@type\":\"SearchAction\",\"target\":{\"@type\":\"EntryPoint\",\"urlTemplate\":\"https:\/\/ylamaanjalokivimuseo.fi\/?s={search_term_string}\"},\"query-input\":{\"@type\":\"PropertyValueSpecification\",\"valueRequired\":true,\"valueName\":\"search_term_string\"}}],\"inLanguage\":\"en-US\"}]}<\/script>\n<!-- \/ Yoast SEO plugin. -->","yoast_head_json":{"title":"Front page - Yl\u00e4maan Jalokivimuseoyhdistys r.y","robots":{"index":"index","follow":"follow","max-snippet":"max-snippet:-1","max-image-preview":"max-image-preview:large","max-video-preview":"max-video-preview:-1"},"canonical":"https:\/\/ylamaanjalokivimuseo.fi\/en\/","og_locale":"en_US","og_type":"article","og_title":"Front page - Yl\u00e4maan Jalokivimuseoyhdistys r.y","og_description":"Ylamaa Gem&amp;Mineral Show 2025&nbsp;in Ylamaa Gem Center 4.7 &#8211; 6.7.2025&nbsp;Friday 12-18, Saturday and Sunday YLAMAA GEM SHOW&nbsp;is once again a stunning showcase with worldwide gems, rocks and jewelery. For this reason, the Ylamaa Gem Show&nbsp;is perhaps the most famous event in the world from&nbsp;our country. Standard themes include gems, minerals, meteorites and fossils from around ... Read more","og_url":"https:\/\/ylamaanjalokivimuseo.fi\/en\/","og_site_name":"Yl\u00e4maan Jalokivimuseoyhdistys r.y","article_modified_time":"2024-12-12T07:18:15+00:00","og_image":[{"width":156,"height":262,"url":"https:\/\/ylamaanjalokivimuseo.fi\/wp-content\/uploads\/2024\/10\/a_spektroliitti.jpg","type":"image\/jpeg"}],"twitter_card":"summary_large_image","twitter_misc":{"Est. reading time":"4 minutes"},"schema":{"@context":"https:\/\/schema.org","@graph":[{"@type":"WebPage","@id":"https:\/\/ylamaanjalokivimuseo.fi\/en\/","url":"https:\/\/ylamaanjalokivimuseo.fi\/en\/","name":"Front page - Yl\u00e4maan Jalokivimuseoyhdistys r.y","isPartOf":{"@id":"https:\/\/ylamaanjalokivimuseo.fi\/#website"},"primaryImageOfPage":{"@id":"https:\/\/ylamaanjalokivimuseo.fi\/en\/#primaryimage"},"image":{"@id":"https:\/\/ylamaanjalokivimuseo.fi\/en\/#primaryimage"},"thumbnailUrl":"https:\/\/ylamaanjalokivimuseo.fi\/wp-content\/uploads\/2024\/10\/a_spektroliitti.jpg","datePublished":"2024-10-22T10:42:05+00:00","dateModified":"2024-12-12T07:18:15+00:00","breadcrumb":{"@id":"https:\/\/ylamaanjalokivimuseo.fi\/en\/#breadcrumb"},"inLanguage":"en-US","potentialAction":[{"@type":"ReadAction","target":["https:\/\/ylamaanjalokivimuseo.fi\/en\/"]}]},{"@type":"ImageObject","inLanguage":"en-US","@id":"https:\/\/ylamaanjalokivimuseo.fi\/en\/#primaryimage","url":"https:\/\/ylamaanjalokivimuseo.fi\/wp-content\/uploads\/2024\/10\/a_spektroliitti.jpg","contentUrl":"https:\/\/ylamaanjalokivimuseo.fi\/wp-content\/uploads\/2024\/10\/a_spektroliitti.jpg"},{"@type":"BreadcrumbList","@id":"https:\/\/ylamaanjalokivimuseo.fi\/en\/#breadcrumb","itemListElement":[{"@type":"ListItem","position":1,"name":"Home","item":"https:\/\/ylamaanjalokivimuseo.fi\/en\/"},{"@type":"ListItem","position":2,"name":"Front page"}]},{"@type":"WebSite","@id":"https:\/\/ylamaanjalokivimuseo.fi\/#website","url":"https:\/\/ylamaanjalokivimuseo.fi\/","name":"Yl\u00e4maan Jalokivimuseoyhdistys r.y","description":"","potentialAction":[{"@type":"SearchAction","target":{"@type":"EntryPoint","urlTemplate":"https:\/\/ylamaanjalokivimuseo.fi\/?s={search_term_string}"},"query-input":{"@type":"PropertyValueSpecification","valueRequired":true,"valueName":"search_term_string"}}],"inLanguage":"en-US"}]}},"_links":{"self":[{"href":"https:\/\/ylamaanjalokivimuseo.fi\/en\/wp-json\/wp\/v2\/pages\/284","targetHints":{"allow":["GET"]}}],"collection":[{"href":"https:\/\/ylamaanjalokivimuseo.fi\/en\/wp-json\/wp\/v2\/pages"}],"about":[{"href":"https:\/\/ylamaanjalokivimuseo.fi\/en\/wp-json\/wp\/v2\/types\/page"}],"author":[{"embeddable":true,"href":"https:\/\/ylamaanjalokivimuseo.fi\/en\/wp-json\/wp\/v2\/users\/1"}],"replies":[{"embeddable":true,"href":"https:\/\/ylamaanjalokivimuseo.fi\/en\/wp-json\/wp\/v2\/comments?post=284"}],"version-history":[{"count":2,"href":"https:\/\/ylamaanjalokivimuseo.fi\/en\/wp-json\/wp\/v2\/pages\/284\/revisions"}],"predecessor-version":[{"id":286,"href":"https:\/\/ylamaanjalokivimuseo.fi\/en\/wp-json\/wp\/v2\/pages\/284\/revisions\/286"}],"wp:attachment":[{"href":"https:\/\/ylamaanjalokivimuseo.fi\/en\/wp-json\/wp\/v2\/media?parent=284"}],"curies":[{"name":"wp","href":"https:\/\/api.w.org\/{rel}","templated":true}]}}